{"id":662,"date":"2019-11-01T13:59:13","date_gmt":"2019-11-01T13:59:13","guid":{"rendered":"https:\/\/gite-aventures-quebec.com\/?page_id=662"},"modified":"2020-11-19T18:25:22","modified_gmt":"2020-11-19T18:25:22","slug":"forfaits-couple-5-nuits","status":"publish","type":"page","link":"https:\/\/gite-aventures-quebec.com\/?page_id=662","title":{"rendered":"Nos forfaits hiver"},"content":{"rendered":"<p>[vc_row_inner][vc_column_inner]<div class=\"sohohotel-title3 sohohotel-title-color\"><h4>Forfait Nouvel an cozy au chalet<\/h4><\/div>[vc_hoverbox image=\u00a0\u00bb657&Prime; primary_title=\u00a0\u00bb\u00a0\u00bb hover_title=\u00a0\u00bbForfait Nouvel an cozy au chalet\u00a0\u00bb hover_btn_title=\u00a0\u00bbContactez-nous pour r\u00e9server\u00a0\u00bb hover_btn_color=\u00a0\u00bbchino\u00a0\u00bb hover_add_button=\u00a0\u00bbtrue\u00a0\u00bb hover_btn_link=\u00a0\u00bburl:http%3A%2F%2Fgitestaging.wpengine.com%2F%3Fpage_id%3D611|||\u00a0\u00bb]<\/p>\n<ul>\n<li>3 nuits en occupation double<\/li>\n<li>petits d\u00e9jeuners inclus<\/li>\n<li>Souper de r\u00e9veillon 6 services<\/li>\n<li>Brunch du jour de l&rsquo;an<\/li>\n<\/ul>\n<p><strong>\u00c0 partir de seulement 364$ par personne en occupation double.<\/strong><\/p>\n<p><em>Possibilit\u00e9 d&rsquo;ajouter table d&rsquo;h\u00f4tes et massage en extra<\/em><\/p>\n<p>[\/vc_hoverbox][\/vc_column_inner][\/vc_row_inner]<\/p>\n<p>&nbsp;<\/p>\n<p>[vc_row_inner][vc_column_inner]<div class=\"sohohotel-title3 sohohotel-title-color\"><h4>Forfait demi-journ\u00e9e motoneige<\/h4><\/div>[vc_hoverbox image=\u00a0\u00bb1001&Prime; primary_title=\u00a0\u00bb\u00a0\u00bb hover_title=\u00a0\u00bbForfait demi-journ\u00e9e motoneige\u00a0\u00bb hover_btn_title=\u00a0\u00bbContactez-nous pour r\u00e9server\u00a0\u00bb hover_btn_color=\u00a0\u00bbchino\u00a0\u00bb hover_add_button=\u00a0\u00bbtrue\u00a0\u00bb hover_btn_link=\u00a0\u00bburl:http%3A%2F%2Fgitestaging.wpengine.com%2F%3Fpage_id%3D611|||\u00a0\u00bb]<\/p>\n<ul>\n<li id=\"tw-target-text\" class=\"tw-data-text tw-text-large tw-ta\" dir=\"ltr\" data-placeholder=\"Traduction\"><span lang=\"fr\" tabindex=\"0\">S\u00e9jour de 2 nuit\u00e9es avec petit-d\u00e9jeuner inclus<\/span><\/li>\n<li class=\"tw-data-text tw-text-large tw-ta\" dir=\"ltr\" data-placeholder=\"Traduction\"><span lang=\"fr\" tabindex=\"0\">Une demi-journ\u00e9e de motoneige duo avec un guide<\/span><\/li>\n<\/ul>\n<p><strong><span lang=\"fr\" tabindex=\"0\">\u00c0 partir de seulement 317$ en occupation double.<\/span><\/strong><\/p>\n<p><em>Table d&rsquo;h\u00f4te disponible en extra le mardi, vendredi et samedi<\/em><\/p>\n<p>Partez au guidon de votre motoneige pour une randonn\u00e9e guid\u00e9e \u00e0 la d\u00e9couverte des beaux panoramas enneig\u00e9s de l\u2019arri\u00e8re pays. Une initiation tout en nature\u2026<br \/>\nL\u2019apr\u00e8s-midi pratiquez la raquette, le ski de fond ou tout autre activit\u00e9 \u00e0 votre guise\u2026<\/p>\n<div class=\"one-half last-col\"><\/div>\n<div class=\"one-half last-col\"><\/div>\n<p>[\/vc_hoverbox][\/vc_column_inner][\/vc_row_inner]<br \/>\n[vc_row_inner][vc_column_inner]<div class=\"sohohotel-title3 sohohotel-title-color\"><h4>Forfait aventure motoneige<\/h4><\/div>[\/vc_column_inner][\/vc_row_inner][vc_hoverbox image=\u00a0\u00bb645&Prime; primary_title=\u00a0\u00bb\u00a0\u00bb hover_title=\u00a0\u00bbForfait aventure motoneige\u00a0\u00bb hover_btn_title=\u00a0\u00bbContactez-nous pour r\u00e9server\u00a0\u00bb hover_btn_color=\u00a0\u00bbchino\u00a0\u00bb hover_add_button=\u00a0\u00bbtrue\u00a0\u00bb hover_btn_link=\u00a0\u00bburl:http%3A%2F%2Fgitestaging.wpengine.com%2F%3Fpage_id%3D611|||\u00a0\u00bb]<\/p>\n<ul>\n<li id=\"tw-target-text\" class=\"tw-data-text tw-text-large tw-ta\" dir=\"ltr\" data-placeholder=\"Traduction\"><span lang=\"fr\" tabindex=\"0\">S\u00e9jour de 2 nuit\u00e9es avec petit-d\u00e9jeuner inclus<\/span><\/li>\n<li class=\"tw-data-text tw-text-large tw-ta\" dir=\"ltr\" data-placeholder=\"Traduction\"><span lang=\"fr\" tabindex=\"0\">Journ\u00e9e compl\u00e8te de motoneige duo avec un guide<\/span><\/li>\n<\/ul>\n<p><strong><span lang=\"fr\" tabindex=\"0\">\u00c0 partir de seulement 412$ par personne en occupation double.<\/span><\/strong><\/p>\n<p><em>Table d&rsquo;h\u00f4te disponible en extra le mardi, vendredi et samedi<\/em><\/p>\n<p>Journ\u00e9e guid\u00e9e de motoneige (9h-16h) en sentier et pourquoi ne pas profiter d\u2019une initiation hors sentier\u2026 Repas de midi au domaine de la for\u00eat Montmorency.<\/p>\n<div class=\"one-half last-col\"><\/div>\n<div class=\"one-half last-col\"><\/div>\n<p>[\/vc_hoverbox]<br \/>\n[vc_row_inner][vc_column_inner]<div class=\"sohohotel-title3 sohohotel-title-color\"><h4>Forfait fin de semaine en chalet, massage et gastronomie<\/h4><\/div>[vc_hoverbox image=\u00a0\u00bb643&Prime; primary_title=\u00a0\u00bb\u00a0\u00bb hover_title=\u00a0\u00bbForfait fin de semaine en chalet, massage et gastronomie\u00a0\u00bb hover_btn_title=\u00a0\u00bbContactez-nous pour r\u00e9server\u00a0\u00bb hover_btn_color=\u00a0\u00bbchino\u00a0\u00bb hover_add_button=\u00a0\u00bbtrue\u00a0\u00bb hover_btn_link=\u00a0\u00bburl:http%3A%2F%2Fgitestaging.wpengine.com%2F%3Fpage_id%3D611|||\u00a0\u00bb]<\/p>\n<ul>\n<li>2 nuit\u00e9es en occupation double<\/li>\n<li>Petit d\u00e9jeuner inclus<\/li>\n<li>1 table d&rsquo;h\u00f4te pour 2 personnes (vendredi ou samedi)<\/li>\n<li>2 massages de 60 minutes<\/li>\n<\/ul>\n<p><strong>\u00c0 partir de 268$ par personne en occupation double.<\/strong><br \/>\n[\/vc_hoverbox][\/vc_column_inner][\/vc_row_inner][\/vc_column][\/vc_row]<\/p>\n<p>&nbsp;<\/p>\n<p>[vc_row][vc_column][vc_row_inner][vc_column_inner]<div class=\"sohohotel-title3 sohohotel-title-color\"><h4>Forfait Zen<\/h4><\/div>[vc_hoverbox image=\u00a0\u00bb657&Prime; primary_title=\u00a0\u00bb\u00a0\u00bb hover_title=\u00a0\u00bbForfait Zen\u00a0\u00bb hover_btn_title=\u00a0\u00bbR\u00e9server\u00a0\u00bb hover_btn_color=\u00a0\u00bbchino\u00a0\u00bb hover_add_button=\u00a0\u00bbtrue\u00a0\u00bb hover_btn_link=\u00a0\u00bburl:%20https%3A%2F%2Fsecure.reservit.com%2Freservit%2Freserhotel.php%3Faction%3Dresa%26id%3D58%26hotelid%3D202678%26rateid%3D1122667%26lang%3DFR%26fday%3D21%26fmonth%3D1%26fyear%3D2020%26nbnights%3D2%26specialMode%3Ddefault%26redirectHOST%3Dsoftbooker.reservit.com|||\u00a0\u00bb]<\/p>\n<ul>\n<li>S\u00e9jour de 2 nuit\u00e9es avec petit-d\u00e9jeuner inclus<\/li>\n<li>Un massage de 60 minutes par personne<\/li>\n<\/ul>\n<p><strong>\u00c0 partir de seulement 228$ par personne en occupation double.<\/strong><\/p>\n<p><em>Table d&rsquo;h\u00f4te disponible en extra le mardi, vendredi et samedi<\/em><\/p>\n<p>[\/vc_hoverbox][\/vc_column_inner][\/vc_row_inner]<\/p>\n<p>&nbsp;<\/p>\n","protected":false},"excerpt":{"rendered":"<p>[vc_row_inner][vc_column_inner][vc_hoverbox image=\u00a0\u00bb657&Prime; primary_title=\u00a0\u00bb\u00a0\u00bb hover_title=\u00a0\u00bbForfait Nouvel an cozy au chalet\u00a0\u00bb hover_btn_title=\u00a0\u00bbContactez-nous pour r\u00e9server\u00a0\u00bb hover_btn_color=\u00a0\u00bbchino\u00a0\u00bb hover_add_button=\u00a0\u00bbtrue\u00a0\u00bb hover_btn_link=\u00a0\u00bburl:http%3A%2F%2Fgitestaging.wpengine.com%2F%3Fpage_id%3D611|||\u00a0\u00bb] 3 nuits en occupation double petits d\u00e9jeuners inclus Souper de r\u00e9veillon 6 services Brunch du jour de l&rsquo;an \u00c0 partir de seulement 364$ par personne en occupation double. Possibilit\u00e9 d&rsquo;ajouter table d&rsquo;h\u00f4tes et massage en extra [\/vc_hoverbox][\/vc_column_inner][\/vc_row_inner] &nbsp; [vc_row_inner][vc_column_inner][vc_hoverbox image=\u00a0\u00bb1001&Prime;<\/p>\n<a href=\"https:\/\/gite-aventures-quebec.com\/?page_id=662\" class=\"sohohotel-more-link\">Read More<i class=\"fa fa-angle-right\"><\/i><\/a>","protected":false},"author":2,"featured_media":0,"parent":0,"menu_order":0,"comment_status":"closed","ping_status":"closed","template":"","meta":{"footnotes":""},"class_list":["post-662","page","type-page","status-publish","hentry"],"_links":{"self":[{"href":"https:\/\/gite-aventures-quebec.com\/index.php?rest_route=\/wp\/v2\/pages\/662","targetHints":{"allow":["GET"]}}],"collection":[{"href":"https:\/\/gite-aventures-quebec.com\/index.php?rest_route=\/wp\/v2\/pages"}],"about":[{"href":"https:\/\/gite-aventures-quebec.com\/index.php?rest_route=\/wp\/v2\/types\/page"}],"author":[{"embeddable":true,"href":"https:\/\/gite-aventures-quebec.com\/index.php?rest_route=\/wp\/v2\/users\/2"}],"replies":[{"embeddable":true,"href":"https:\/\/gite-aventures-quebec.com\/index.php?rest_route=%2Fwp%2Fv2%2Fcomments&post=662"}],"version-history":[{"count":0,"href":"https:\/\/gite-aventures-quebec.com\/index.php?rest_route=\/wp\/v2\/pages\/662\/revisions"}],"wp:attachment":[{"href":"https:\/\/gite-aventures-quebec.com\/index.php?rest_route=%2Fwp%2Fv2%2Fmedia&parent=662"}],"curies":[{"name":"wp","href":"https:\/\/api.w.org\/{rel}","templated":true}]}}