{"id":624,"date":"2019-11-01T13:22:23","date_gmt":"2019-11-01T13:22:23","guid":{"rendered":"https:\/\/gite-aventures-quebec.com\/?page_id=624"},"modified":"2020-02-07T16:08:34","modified_gmt":"2020-02-07T16:08:34","slug":"forfait-2-nuitees","status":"publish","type":"page","link":"https:\/\/gite-aventures-quebec.com\/?page_id=624","title":{"rendered":"Nos forfaits \u00e9t\u00e9"},"content":{"rendered":"<p>[vc_row][vc_column]<div class=\"sohohotel-title3 sohohotel-title-color\"><h4>Forfait Zen<\/h4><\/div>[vc_hoverbox image=\u00a0\u00bb657&Prime; primary_title=\u00a0\u00bb\u00a0\u00bb primary_title_font_container=\u00a0\u00bbcolor:%23000000&Prime; hover_title=\u00a0\u00bbForfait Zen\u00a0\u00bb hover_btn_title=\u00a0\u00bbR\u00e9server\u00a0\u00bb hover_btn_color=\u00a0\u00bbchino\u00a0\u00bb use_custom_fonts_primary_title=\u00a0\u00bbtrue\u00a0\u00bb hover_add_button=\u00a0\u00bbtrue\u00a0\u00bb hover_btn_link=\u00a0\u00bburl:%20https%3A%2F%2Fsecure.reservit.com%2Freservit%2Freserhotel.php%3Faction%3Dresa%26id%3D58%26hotelid%3D202678%26rateid%3D1122667%26lang%3DFR%26fday%3D21%26fmonth%3D1%26fyear%3D2020%26nbnights%3D2%26specialMode%3Ddefault%26redirectHOST%3Dsoftbooker.reservit.com|\u00a0\u00bb]<\/p>\n<ul>\n<li>S\u00e9jour de 2 nuit\u00e9es avec petit-d\u00e9jeuner inclus<\/li>\n<li>Un souper table d&rsquo;h\u00f4te par personne<\/li>\n<li>Un massage* de 60 minutes par personne<\/li>\n<\/ul>\n<p><strong>\u00c0 partir de seulement 260$ par personne en occupation double.<\/strong><\/p>\n<p><em>*Le massage se d\u00e9roule \u00e0 l\u2019int\u00e9rieur ou \u00e0 l\u2019ext\u00e9rieur selon la temp\u00e9rature pour profiter pleinement du son de la nature\u2026<\/em>[\/vc_hoverbox][\/vc_column][\/vc_row][vc_row][vc_column css=\u00a0\u00bb.vc_custom_1571669117360{border-top-width: 50px !important;}\u00a0\u00bb][\/vc_column][\/vc_row][vc_row][vc_column css=\u00a0\u00bb.vc_custom_1571665865261{border-top-width: 50px !important;}\u00a0\u00bb]<div class=\"sohohotel-title3 sohohotel-title-color\"><h4>Visite historique guid\u00e9e de la ville de Qu\u00e9bec<\/h4><\/div>[vc_hoverbox image=\u00a0\u00bb639&Prime; primary_title=\u00a0\u00bb\u00a0\u00bb primary_title_font_container=\u00a0\u00bbcolor:%23ffffff\u00a0\u00bb hover_title=\u00a0\u00bbVisite historique guid\u00e9e de la ville de Qu\u00e9bec\u00a0\u00bb hover_btn_title=\u00a0\u00bbContactez-nous pour r\u00e9server\u00a0\u00bb hover_btn_color=\u00a0\u00bbchino\u00a0\u00bb use_custom_fonts_primary_title=\u00a0\u00bbtrue\u00a0\u00bb hover_add_button=\u00a0\u00bbtrue\u00a0\u00bb css=\u00a0\u00bb.vc_custom_1579279143358{border-top-width: 50px !important;}\u00a0\u00bb hover_btn_link=\u00a0\u00bburl:http%3A%2F%2Fgitestaging.wpengine.com%2F%3Fpage_id%3D611||target:%20_blank|\u00a0\u00bb]<\/p>\n<ul>\n<li id=\"tw-target-text\" class=\"tw-data-text tw-text-large tw-ta\" dir=\"ltr\" data-placeholder=\"Traduction\"><span lang=\"fr\" tabindex=\"0\">S\u00e9jour de 2 nuit\u00e9es avec petits-d\u00e9jeuners inclus<\/span><\/li>\n<li class=\"tw-data-text tw-text-large tw-ta\" dir=\"ltr\" data-placeholder=\"Traduction\"><span lang=\"fr\" tabindex=\"0\">Un souper table d&rsquo;h\u00f4te par personne<\/span><\/li>\n<li class=\"tw-data-text tw-text-large tw-ta\" dir=\"ltr\" data-placeholder=\"Traduction\"><span lang=\"fr\" tabindex=\"0\">Une journ\u00e9e d\u00e9couverte au c\u0153ur de la ville de Qu\u00e9bec <\/span><\/li>\n<\/ul>\n<p><span lang=\"fr\" tabindex=\"0\"><strong>\u00c0 partir de 154$ par personne en occupation double<\/strong>.<\/span>[\/vc_hoverbox][\/vc_column][\/vc_row][vc_row][vc_column css=\u00a0\u00bb.vc_custom_1571666153378{border-top-width: 50px !important;}\u00a0\u00bb]<div class=\"sohohotel-title3 sohohotel-title-color\"><h4>D\u00e9couverte du parc national de la Jacques-Cartier<\/h4><\/div>[vc_hoverbox image=\u00a0\u00bb637&Prime; primary_title=\u00a0\u00bb\u00a0\u00bb hover_title=\u00a0\u00bbD\u00e9couverte du parc national de la Jacques-Cartier\u00a0\u00bb hover_btn_title=\u00a0\u00bbContactez-nous pour r\u00e9server\u00a0\u00bb hover_btn_color=\u00a0\u00bbchino\u00a0\u00bb hover_add_button=\u00a0\u00bbtrue\u00a0\u00bb hover_btn_link=\u00a0\u00bburl:http%3A%2F%2Fgitestaging.wpengine.com%2F%3Fpage_id%3D611|||\u00a0\u00bb]<\/p>\n<ul>\n<li id=\"tw-target-text\" class=\"tw-data-text tw-text-large tw-ta\" dir=\"ltr\" data-placeholder=\"Traduction\"><span lang=\"fr\" tabindex=\"0\">S\u00e9jour de 2 nuit\u00e9es avec petits-d\u00e9jeuners inclus<\/span><\/li>\n<li class=\"tw-data-text tw-text-large tw-ta\" dir=\"ltr\" data-placeholder=\"Traduction\"><span lang=\"fr\" tabindex=\"0\">Visite du parc national de la Jacques-Cartier avec un guide en privatif pendant 2 heures (2 entr\u00e9es journ\u00e9e incluses). <\/span><\/li>\n<\/ul>\n<p><strong><span lang=\"fr\" tabindex=\"0\">\u00c0 partir de 197$ par personne en occupation double.<\/span><\/strong><\/p>\n<p>Profitez de la connaissance d\u2019un guide naturaliste passionn\u00e9 pour en apprendre davantage sur la faune et la flore du Parc, le long d\u2019un parcours en for\u00eat \u00e0 pieds. Une activit\u00e9 sans difficult\u00e9 technique qui convient au plus grand nombre. Le guide est r\u00e9serv\u00e9 juste pour vous !<br \/>\nCette exp\u00e9rience peut compl\u00e9ter ais\u00e9ment votre journ\u00e9e au Parc de la Jacques Cartier.[\/vc_hoverbox][\/vc_column][\/vc_row][vc_row][vc_column css=\u00a0\u00bb.vc_custom_1571667078759{border-top-width: 50px !important;}\u00a0\u00bb]<div class=\"sohohotel-title3 sohohotel-title-color\"><h4>Forfait kayak ou canot dans le parc national de la Jacques-Cartier<\/h4><\/div>[vc_hoverbox image=\u00a0\u00bb877&Prime; primary_title=\u00a0\u00bb\u00a0\u00bb hover_title=\u00a0\u00bbForfait kayak ou canot dans le parc national de la Jacques-Cartier\u00a0\u00bb hover_btn_title=\u00a0\u00bbContactez-nous pour r\u00e9server\u00a0\u00bb hover_btn_color=\u00a0\u00bbchino\u00a0\u00bb hover_add_button=\u00a0\u00bbtrue\u00a0\u00bb hover_btn_link=\u00a0\u00bburl:http%3A%2F%2Fgitestaging.wpengine.com%2F%3Fpage_id%3D611|||\u00a0\u00bb]<\/p>\n<ul>\n<li id=\"tw-target-text\" class=\"tw-data-text tw-text-large tw-ta\" dir=\"ltr\" data-placeholder=\"Traduction\"><span lang=\"fr\" tabindex=\"0\">Du 17 juin au 9 octobre (d\u00e9part \u00e0 14h30) <\/span><\/li>\n<li class=\"tw-data-text tw-text-large tw-ta\" dir=\"ltr\" data-placeholder=\"Traduction\"><span lang=\"fr\" tabindex=\"0\">S\u00e9jour de 2 nuit\u00e9es avec petits-d\u00e9jeuners inclus<\/span><\/li>\n<li class=\"tw-data-text tw-text-large tw-ta\" dir=\"ltr\" data-placeholder=\"Traduction\">Une demi-journ\u00e9e de kayak en tendem ou canot<\/li>\n<\/ul>\n<p><strong><span lang=\"fr\" tabindex=\"0\">\u00c0 partir de 169$ par personne en occupation double.<\/span><\/strong><\/p>\n<p>Au gr\u00e9 d\u2019une portion de rivi\u00e8re calme piment\u00e9e d\u2019eaux vives mais sans difficult\u00e9 particuli\u00e8re, respirez l\u2019air pur et frais de la vall\u00e9e tout en aiguisant votre sens de la d\u00e9couverte\u2026 D\u00e9part \u00e0 14h00 du centre de location, service de navette pour le retour \u00e0 17h. Descente de 7km sur une portion de la rivi\u00e8re Jacques Cartier. Niveau facile.[\/vc_hoverbox][\/vc_column][\/vc_row][vc_row][vc_column css=\u00a0\u00bb.vc_custom_1571669062201{border-top-width: 50px !important;}\u00a0\u00bb]<div class=\"sohohotel-title3 sohohotel-title-color\"><h4>Forfait Mini-Raft<\/h4><\/div>[vc_hoverbox image=\u00a0\u00bb633&Prime; primary_title=\u00a0\u00bb\u00a0\u00bb hover_title=\u00a0\u00bbForfait Mini-Raft\u00a0\u00bb hover_btn_title=\u00a0\u00bbContactez-nous pour r\u00e9server\u00a0\u00bb hover_btn_color=\u00a0\u00bbchino\u00a0\u00bb hover_add_button=\u00a0\u00bbtrue\u00a0\u00bb css=\u00a0\u00bb.vc_custom_1579280712934{margin-bottom: 30px !important;}\u00a0\u00bb hover_btn_link=\u00a0\u00bburl:http%3A%2F%2Fgitestaging.wpengine.com%2F%3Fpage_id%3D611|||\u00a0\u00bb]<\/p>\n<ul>\n<li id=\"tw-target-text\" class=\"tw-data-text tw-text-large tw-ta\" dir=\"ltr\" data-placeholder=\"Traduction\"><span lang=\"fr\" tabindex=\"0\">S\u00e9jour de 2 nuit\u00e9es avec petits-d\u00e9jeuners inclus<\/span><\/li>\n<li class=\"tw-data-text tw-text-large tw-ta\" dir=\"ltr\" data-placeholder=\"Traduction\"><span lang=\"fr\" tabindex=\"0\">Une demi-journ\u00e9e de mini-raft<\/span><\/li>\n<li class=\"tw-data-text tw-text-large tw-ta\" dir=\"ltr\" data-placeholder=\"Traduction\"><span lang=\"fr\" tabindex=\"0\">Du 18 juin au 28 ao\u00fbt et septembre (3,4,5): <strong>samedi et dimanche seulement!<\/strong><\/span><\/li>\n<\/ul>\n<p><strong>\u00c0 partir de 199$ par personne en occupation double<\/strong><\/p>\n<p>Vous aimeriez pagayer dans un miniraft en toute confiance accompagn\u00e9 par un guide pour votre descente! Vous pourrez ainsi \u00eatre initi\u00e9, tant aux man\u0153uvres pour diriger l\u2019embarcation qu\u2019\u00e0 la lecture des rapides, tout en explorant la rivi\u00e8re dans sa partie la plus active. Vous en apprendrez aussi davantage sur les particularit\u00e9s du parc et de sa rivi\u00e8re.[\/vc_hoverbox]<div class=\"sohohotel-title3 sohohotel-title-color\"><h4>Forfait Rafting sur la rivi\u00e8re Montmorency<\/h4><\/div>[vc_hoverbox image=\u00a0\u00bb627&Prime; primary_title=\u00a0\u00bb\u00a0\u00bb hover_title=\u00a0\u00bbForfait rafting sur la rivi\u00e8re Montmorency\u00a0\u00bb hover_btn_title=\u00a0\u00bbContactez-nous pour r\u00e9server\u00a0\u00bb hover_btn_color=\u00a0\u00bbchino\u00a0\u00bb hover_add_button=\u00a0\u00bbtrue\u00a0\u00bb css=\u00a0\u00bb.vc_custom_1579280732986{margin-bottom: 30px !important;}\u00a0\u00bb hover_btn_link=\u00a0\u00bburl:http%3A%2F%2Fgitestaging.wpengine.com%2F%3Fpage_id%3D611|||\u00a0\u00bb]<\/p>\n<ul>\n<li id=\"tw-target-text\" class=\"tw-data-text tw-text-large tw-ta\" dir=\"ltr\" data-placeholder=\"Traduction\"><span lang=\"fr\" tabindex=\"0\">S\u00e9jour de 2 nuit\u00e9es avec petits-d\u00e9jeuners inclus<\/span><\/li>\n<li class=\"tw-data-text tw-text-large tw-ta\" dir=\"ltr\" data-placeholder=\"Traduction\"><span lang=\"fr\" tabindex=\"0\">Une demi-journ\u00e9e de rafting<\/span><\/li>\n<\/ul>\n<p><strong><span lang=\"fr\" tabindex=\"0\">\u00c0 partir de 194$ par personne en occupation double<\/span><\/strong><\/p>\n<p>Venez vivre une exp\u00e9rience captivante et accessible \u00e0 tous sur la rivi\u00e8re Montmorency. Nous vous proposons une descente s\u00e9curitaire dans des rapides de niveaux deux (2) et trois (3), accompagn\u00e9 par des guides professionnels de rivi\u00e8re.<br \/>\nCette sortie en famille ou entre amis dans la nature qu\u00e9b\u00e9coise vous laissera un souvenir impossible \u00e0 oublier.<br \/>\nAdapt\u00e9e pour les d\u00e9butants ou encore les initi\u00e9s d\u00e9sirant faire une descente de routine, vous d\u00e9couvrirez lors de votre descente en rafting un environnement dynamique et pleins de surprises avec de nombreux rapides et du plaisir GARANTI\u2026tout en restant au sec.<\/p>\n<p>&nbsp;[\/vc_hoverbox]<div class=\"sohohotel-title3 sohohotel-title-color\"><h4>Forfait Observation de l'orignal<\/h4><\/div>[vc_hoverbox image=\u00a0\u00bb879&Prime; primary_title=\u00a0\u00bb\u00a0\u00bb hover_title=\u00a0\u00bbForfait Observation de l&rsquo;orignal\u00a0\u00bb hover_btn_title=\u00a0\u00bbContactez-nous pour r\u00e9server\u00a0\u00bb hover_btn_color=\u00a0\u00bbchino\u00a0\u00bb hover_add_button=\u00a0\u00bbtrue\u00a0\u00bb css=\u00a0\u00bb.vc_custom_1579280764193{margin-bottom: 30px !important;}\u00a0\u00bb hover_btn_link=\u00a0\u00bburl:http%3A%2F%2Fgitestaging.wpengine.com%2F%3Fpage_id%3D611|||\u00a0\u00bb]<\/p>\n<ul>\n<li id=\"tw-target-text\" class=\"tw-data-text tw-text-large tw-ta\" dir=\"ltr\" data-placeholder=\"Traduction\"><span lang=\"fr\" tabindex=\"0\">S\u00e9jour de 2 nuit\u00e9es avec petits-d\u00e9jeuners inclus<\/span><\/li>\n<li class=\"tw-data-text tw-text-large tw-ta\" dir=\"ltr\" data-placeholder=\"Traduction\"><span lang=\"fr\" tabindex=\"0\">Randonn\u00e9e guid\u00e9e en plein coeur de la for\u00eat Montmorency<\/span><\/li>\n<li dir=\"ltr\" data-placeholder=\"Traduction\">4 heures d&rsquo;activit\u00e9 environ<\/li>\n<li class=\"tw-data-text tw-text-large tw-ta\" dir=\"ltr\" data-placeholder=\"Traduction\"><span lang=\"fr\" tabindex=\"0\">Du 15 septembre au 31 octobre, vendredi, samedi et dimanche seulement! <\/span><\/li>\n<\/ul>\n<p><strong><span lang=\"fr\" tabindex=\"0\">\u00c0 partir de 177$ par personne en occupation double.<\/span><\/strong><\/p>\n<p>Rendez-vous directement \u00e0 la For\u00eat Montmorency (kilom\u00e8tre 103 de la route 175) o\u00f9 votre guide vous attend. Les groupes sont constitu\u00e9s de 14 personnes. Un minibus vous transporte \u00e0 travers la for\u00eat pour une exploration des divers habitats fauniques terrestres. Observation et interpr\u00e9tation de la faune et de la flore. L\u2019observation de l\u2019orignal est garantie \u00e0 80%, observation \u00e9galement d\u2019autres esp\u00e8ces comme les castors, porc-\u00e9pic, renard, ou oiseaux de proie. Observation possible et occasionnelle d\u2019ours noir, loup et lynx.[\/vc_hoverbox][\/vc_column][\/vc_row][vc_row][vc_column]<div class=\"sohohotel-title3 sohohotel-title-color\"><h4>S\u00e9jour touristique de 5 nuits en \u00e9t\u00e9<\/h4><\/div>[vc_hoverbox image=\u00a0\u00bb881&Prime; primary_title=\u00a0\u00bb\u00a0\u00bb hover_title=\u00a0\u00bbS\u00e9jour touristique de 5 nuits en \u00e9t\u00e9\u00a0\u00bb hover_btn_title=\u00a0\u00bbContactez-nous pour r\u00e9server\u00a0\u00bb hover_btn_color=\u00a0\u00bbchino\u00a0\u00bb hover_add_button=\u00a0\u00bbtrue\u00a0\u00bb css=\u00a0\u00bb.vc_custom_1579280795586{margin-bottom: 30px !important;}\u00a0\u00bb hover_btn_link=\u00a0\u00bburl:http%3A%2F%2Fgitestaging.wpengine.com%2F%3Fpage_id%3D611|||\u00a0\u00bb]<\/p>\n<ul>\n<li id=\"tw-target-text\" class=\"tw-data-text tw-text-large tw-ta\" dir=\"ltr\" data-placeholder=\"Traduction\"><span lang=\"fr\" tabindex=\"0\">S\u00e9jour de 5 nuit\u00e9es avec petits-d\u00e9jeuners inclus<\/span><\/li>\n<li class=\"tw-data-text tw-text-large tw-ta\" dir=\"ltr\" data-placeholder=\"Traduction\"><span lang=\"fr\" tabindex=\"0\">D\u00e9couverte du parc national de la Jacques-Cartier<\/span><\/li>\n<li dir=\"ltr\" data-placeholder=\"Traduction\">Balade guid\u00e9e \u00e0 v\u00e9lo dans le Vieux-Qu\u00e9bec et la rive-sud de Qu\u00e9bec<\/li>\n<li dir=\"ltr\" data-placeholder=\"Traduction\">Stationnement et t\u00e9l\u00e9ph\u00e9rique \u00e0 la Chute Montmorency<\/li>\n<li dir=\"ltr\" data-placeholder=\"Traduction\">D\u00e9couverte de l&rsquo;\u00cele d&rsquo;Orl\u00e9ans<\/li>\n<\/ul>\n<p><strong><span lang=\"fr\" tabindex=\"0\">\u00c0 partir de 398$ par personne en occupation double.<\/span><\/strong>[\/vc_hoverbox][\/vc_column][\/vc_row]<\/p>\n","protected":false},"excerpt":{"rendered":"<p>[vc_row][vc_column][vc_hoverbox image=\u00a0\u00bb657&Prime; primary_title=\u00a0\u00bb\u00a0\u00bb primary_title_font_container=\u00a0\u00bbcolor:%23000000&Prime; hover_title=\u00a0\u00bbForfait Zen\u00a0\u00bb hover_btn_title=\u00a0\u00bbR\u00e9server\u00a0\u00bb hover_btn_color=\u00a0\u00bbchino\u00a0\u00bb use_custom_fonts_primary_title=\u00a0\u00bbtrue\u00a0\u00bb hover_add_button=\u00a0\u00bbtrue\u00a0\u00bb hover_btn_link=\u00a0\u00bburl:%20https%3A%2F%2Fsecure.reservit.com%2Freservit%2Freserhotel.php%3Faction%3Dresa%26id%3D58%26hotelid%3D202678%26rateid%3D1122667%26lang%3DFR%26fday%3D21%26fmonth%3D1%26fyear%3D2020%26nbnights%3D2%26specialMode%3Ddefault%26redirectHOST%3Dsoftbooker.reservit.com|\u00a0\u00bb] S\u00e9jour de 2 nuit\u00e9es avec petit-d\u00e9jeuner inclus Un souper table d&rsquo;h\u00f4te par personne Un massage* de 60 minutes par personne \u00c0 partir de seulement 260$ par personne en occupation double. *Le massage se d\u00e9roule \u00e0 l\u2019int\u00e9rieur ou \u00e0 l\u2019ext\u00e9rieur selon la temp\u00e9rature pour profiter<\/p>\n<a href=\"https:\/\/gite-aventures-quebec.com\/?page_id=624\" class=\"sohohotel-more-link\">Read More<i class=\"fa fa-angle-right\"><\/i><\/a>","protected":false},"author":2,"featured_media":0,"parent":0,"menu_order":0,"comment_status":"closed","ping_status":"closed","template":"","meta":{"footnotes":""},"class_list":["post-624","page","type-page","status-publish","hentry"],"_links":{"self":[{"href":"https:\/\/gite-aventures-quebec.com\/index.php?rest_route=\/wp\/v2\/pages\/624","targetHints":{"allow":["GET"]}}],"collection":[{"href":"https:\/\/gite-aventures-quebec.com\/index.php?rest_route=\/wp\/v2\/pages"}],"about":[{"href":"https:\/\/gite-aventures-quebec.com\/index.php?rest_route=\/wp\/v2\/types\/page"}],"author":[{"embeddable":true,"href":"https:\/\/gite-aventures-quebec.com\/index.php?rest_route=\/wp\/v2\/users\/2"}],"replies":[{"embeddable":true,"href":"https:\/\/gite-aventures-quebec.com\/index.php?rest_route=%2Fwp%2Fv2%2Fcomments&post=624"}],"version-history":[{"count":0,"href":"https:\/\/gite-aventures-quebec.com\/index.php?rest_route=\/wp\/v2\/pages\/624\/revisions"}],"wp:attachment":[{"href":"https:\/\/gite-aventures-quebec.com\/index.php?rest_route=%2Fwp%2Fv2%2Fmedia&parent=624"}],"curies":[{"name":"wp","href":"https:\/\/api.w.org\/{rel}","templated":true}]}}