{"id":607,"date":"2019-10-31T18:38:07","date_gmt":"2019-10-31T18:38:07","guid":{"rendered":"https:\/\/gite-aventures-quebec.com\/?page_id=607"},"modified":"2019-11-14T14:49:17","modified_gmt":"2019-11-14T14:49:17","slug":"activites","status":"publish","type":"page","link":"https:\/\/gite-aventures-quebec.com\/?page_id=607","title":{"rendered":"Activit\u00e9s"},"content":{"rendered":"<p>[vc_row][vc_column]<div class=\"sohohotel-title2 sohohotel-title-color\"><h3><\/h3><\/div>[vc_column_text]<\/p>\n<p id=\"tw-target-text\" class=\"tw-data-text tw-text-large tw-ta\" dir=\"ltr\" data-placeholder=\"Traduction\"><span lang=\"fr\" tabindex=\"0\">La ville de Qu\u00e9bec et ses environs regorgent d&rsquo;activit\u00e9s. Il y en a pour tous les go\u00fbts ! Nous avons s\u00e9lectionn\u00e9 quelques points d\u2019int\u00e9r\u00eat dans les 25 \u00e0 90 minutes en voiture du g\u00eete. Bonne visite !<\/span><\/p>\n<p>[\/vc_column_text][\/vc_column][\/vc_row][vc_row][vc_column]<div class=\"sohohotel-title3 sohohotel-title-color\"><h4>Installations et activit\u00e9s disponibles au G\u00eete<\/h4><\/div>[vc_tta_accordion shape=\u00a0\u00bbround\u00a0\u00bb active_section=\u00a0\u00bb\u00a0\u00bb collapsible_all=\u00a0\u00bbtrue\u00a0\u00bb][vc_tta_section title=\u00a0\u00bbMassage\u00a0\u00bb tab_id=\u00a0\u00bb1572455708041-23c3fb68-f97e\u00a0\u00bb][vc_column_text]R\u00e9servez votre massage relaxant au G\u00eete Aventure Qu\u00e9bec <a href=\"https:\/\/gite-aventures-quebec.com\/?p=761\">ici<\/a>[\/vc_column_text][vc_single_image image=\u00a0\u00bb762&Prime; img_size=\u00a0\u00bbmedium\u00a0\u00bb][\/vc_tta_section][vc_tta_section title=\u00a0\u00bbSpa\u00a0\u00bb tab_id=\u00a0\u00bb1572455708041-8e8845cc-422e\u00a0\u00bb][vc_column_text]<\/p>\n<p id=\"tw-target-text\" class=\"tw-data-text tw-text-large tw-ta\" dir=\"ltr\" data-placeholder=\"Traduction\"><span lang=\"fr\" tabindex=\"0\">Un incroyable spa en pleine nature avec vue panoramique est disponible pour tous les clients du G\u00eete. Profitez-en gratuitement&#8230;<\/span><\/p>\n<p>[\/vc_column_text][vc_single_image image=\u00a0\u00bb387&Prime; img_size=\u00a0\u00bbmedium\u00a0\u00bb][\/vc_tta_section][\/vc_tta_accordion][\/vc_column][\/vc_row][vc_row][vc_column]<div class=\"sohohotel-title3 sohohotel-title-color\"><h4>Activit\u00e9s dans la r\u00e9gion<\/h4><\/div>[vc_tta_accordion active_section=\u00a0\u00bb\u00a0\u00bb collapsible_all=\u00a0\u00bbtrue\u00a0\u00bb][vc_tta_section title=\u00a0\u00bbQu\u00e9bec ville &#8211; \u00e0 40 mn du G\u00eete\u00a0\u00bb tab_id=\u00a0\u00bb1572456871926-c381dc84-e46e\u00a0\u00bb][vc_column_text]La Place Royale, situ\u00e9e dans le centre Ville, dans le quartier historique du Vieux-Qu\u00e9bec, est consid\u00e9r\u00e9e comme la plus ancienne colonie fran\u00e7aise en Am\u00e9rique. V\u00e9ritable \u00ab\u00a0berceau de la civilisation fran\u00e7aise en Am\u00e9rique du Nord\u00a0\u00bb, cet endroit est \u00e0 voir absolument ! La colline du Parlement est situ\u00e9e au centre du Qu\u00e9bec. Vous tomberez amoureux du tr\u00e9sor architectural que constitue le b\u00e2timent du Parlement, si\u00e8ge de l&rsquo;Assembl\u00e9e nationale. Sur votre chemin, vous d\u00e9couvrirez les plaines d\u2019Abraham, anciennement le parc des champs de bataille, situ\u00e9es le long de la rive nord du majestueux fleuve Saint-Laurent. Situ\u00e9e \u00e0 proximit\u00e9 des plaines, la citadelle de Qu\u00e9bec est une forteresse situ\u00e9e au Cap Diamant \u00e0 Qu\u00e9bec, partie int\u00e9grante des fortifications typiques de la vieille ville datant du XVIIIe si\u00e8cle et du d\u00e9but du XIXe si\u00e8cle.[\/vc_column_text][vc_single_image image=\u00a0\u00bb530&Prime; img_size=\u00a0\u00bbmedium\u00a0\u00bb][\/vc_tta_section][vc_tta_section title=\u00a0\u00bbBasilique st-Anne &#8211; \u00e0 50 mn du G\u00eete\u00a0\u00bb tab_id=\u00a0\u00bb1572456845993-55bb47a8-f991&Prime;][vc_column_text]<\/p>\n<p id=\"tw-target-text\" class=\"tw-data-text tw-text-large tw-ta\" dir=\"ltr\" data-placeholder=\"Traduction\"><span lang=\"fr\" tabindex=\"0\">Venez d\u00e9couvrir le sanctuaire de Sainte-Anne-de-Beaupr\u00e9, consacr\u00e9 de Sainte-Anne, grand-m\u00e8re de J\u00e9sus. Visit\u00e9 depuis pr\u00e8s de 350 ans, ce patrimoine religieux est un lieu de p\u00e8lerinage important pr\u00e8s de la ville de Qu\u00e9bec. En attirant pr\u00e8s d&rsquo;un million de visiteurs chaque ann\u00e9e, vous pourrez admirer des centaines de vitraux, de mosa\u00efques et d&rsquo;\u0153uvres d&rsquo;art. Messes du jour et audio-guides disponibles en 4 langues. Horaires d&rsquo;ouverture de 8h30 \u00e0 16h30. Visites guid\u00e9es de juin \u00e0 septembre 10h30: chapelle de la basilique et mus\u00e9e \u00e0 13h00<\/span><\/p>\n<p>[\/vc_column_text][vc_single_image image=\u00a0\u00bb911&Prime; img_size=\u00a0\u00bbmedium\u00a0\u00bb][\/vc_tta_section][vc_tta_section title=\u00a0\u00bbCanyon St-Anne &#8211; \u00e0 1h du G\u00eete\u00a0\u00bb tab_id=\u00a0\u00bb1572456845994-5d8f9cf9-d728&Prime;][vc_column_text]<\/p>\n<p id=\"tw-target-text\" class=\"tw-data-text tw-text-large tw-ta\" dir=\"ltr\" data-placeholder=\"Traduction\"><span lang=\"fr\" tabindex=\"0\">Exp\u00e9rience inoubliable pour petits et grands ! Admirez le spectaculaire canyon creus\u00e9 par l&rsquo;imposante chute Sainte-Anne (plus haute que Niagara). Trois ponts possibles \u00e0 franchir, dont l&rsquo;un \u00e0 60 m\u00e8tres au-dessus de l&rsquo;ab\u00eeme ! Situ\u00e9 dans la r\u00e9gion de Qu\u00e9bec et pr\u00e8s de Charlevoix, vous pourrez explorer les parois et les roches vieilles de 1,2 milliard d&rsquo;ann\u00e9es, pleines d&rsquo;arc-en-ciel, le long des sentiers qui traversent les deux rives ardues de la rivi\u00e8re Sainte-Anne-du-Nord. Sentier facile d&rsquo;acc\u00e8s et s\u00e9curitaire pour tous. Pour les plus aventureux, une tyrolienne et une Via Ferrata s&rsquo;offrent \u00e0 vous !<\/span><\/p>\n<p>[\/vc_column_text][vc_single_image image=\u00a0\u00bb913&Prime; img_size=\u00a0\u00bbmedium\u00a0\u00bb][\/vc_tta_section][vc_tta_section title=\u00a0\u00bbCharlevoix &#8211; \u00e0 1h30 du G\u00eete\u00a0\u00bb tab_id=\u00a0\u00bb1572456873868-1ecea7b9-9413&Prime;][vc_column_text]Charlevoix est synonyme d&rsquo;harmonie entre nature et culture. Au c\u0153ur de la r\u00e9serve de la biosph\u00e8re, vous pourrez venir admirer la beaut\u00e9 de ses paysages. Charlevoix offre un nombre impressionnant d&rsquo;activit\u00e9s aux visiteurs: agrotourisme, canyoning, v\u00e9lo, \u00e9quitation, golf, escalade, kayak, p\u00eache, ski alpin, raquette, tra\u00eeneau \u00e0 chiens et encore bien d&rsquo;autres attractions ! La r\u00e9gion de Charlevoix compte \u00e9galement de nombreux sites incontournables \u00e0 visiter: Baie-des-Rochers, Baie-Saint-Paul, Baie-Sainte-Catherine, La Malbaie et encore plein d&rsquo;autres \u00e0 d\u00e9couvrir! R\u00e9gion historique et touristique du Qu\u00e9bec, situ\u00e9e sur la rive nord du fleuve Saint-Laurent, vous serez rapidement s\u00e9duit par ses paysages enchanteurs et son offre touristique diversifi\u00e9e![\/vc_column_text][vc_single_image image=\u00a0\u00bb915&Prime; img_size=\u00a0\u00bbmedium\u00a0\u00bb][\/vc_tta_section][vc_tta_section title=\u00a0\u00bbParc national de la Jacques-Cartier &#8211; \u00e0 50 mn du G\u00eete\u00a0\u00bb tab_id=\u00a0\u00bb1572456874957-b2f40a8c-3bea\u00a0\u00bb][vc_column_text]<\/p>\n<p id=\"tw-target-text\" class=\"tw-data-text tw-text-large tw-ta\" dir=\"ltr\" data-placeholder=\"Traduction\"><span lang=\"fr\" tabindex=\"0\">Impossible de ne pas se laisser s\u00e9duire par ce vaste plateau montagneux aux gigantesques vall\u00e9es profondes qui entourent la rivi\u00e8re Jacques-Cartier. Laissez-vous captiver par cette nature si pure et dense, cette faune et cette flore majestueuses. Vous pouvez vous laisser bercer par ce silence et cette nature qui respire la paix. Kayak, p\u00eache, randonn\u00e9e, le parc s\u2019appelle le \u00ab\u00a0croissant vert de la r\u00e9gion de Qu\u00e9bec\u00a0\u00bb et offre de fantastiques exp\u00e9ditions dans un environnement prot\u00e9g\u00e9. En hiver, enfilez vos raquettes, vos gants de ski et explorez ces immenses pistes de neige.<\/span><\/p>\n<p>[\/vc_column_text][vc_single_image image=\u00a0\u00bb925&Prime; img_size=\u00a0\u00bbmedium\u00a0\u00bb][\/vc_tta_section][vc_tta_section title=\u00a0\u00bbLac Beauport &#8211; \u00e0 25 mn du G\u00eete\u00a0\u00bb tab_id=\u00a0\u00bb1572456883957-be873c82-4d04&Prime;][vc_column_text]<\/p>\n<p id=\"tw-target-text\" class=\"tw-data-text tw-text-large tw-ta\" dir=\"ltr\" data-placeholder=\"Traduction\"><span lang=\"fr\" tabindex=\"0\">Situ\u00e9 \u00e0 quelques kilom\u00e8tres de Sainte-Brigitte-de-Laval, le lac Beauport offre de nombreuses activit\u00e9s, services et restaurants avec divers \u00e9v\u00e9nements tout au long de l&rsquo;ann\u00e9e. Cette petite ville offre une importante infrastructure de loisirs et de tourisme. Et\u00e9 comme hiver, vous serez s\u00e9duit par la diversification de son offre touristique: ski, VTT, spa, ski de fond, etc.<\/span><\/p>\n<p>[\/vc_column_text][vc_single_image image=\u00a0\u00bb927&Prime; img_size=\u00a0\u00bbmedium\u00a0\u00bb][\/vc_tta_section][vc_tta_section title=\u00a0\u00bbChute Montmorency &#8211; \u00e0 30 mn du G\u00eete\u00a0\u00bb tab_id=\u00a0\u00bb1572456875876-b86401b8-fb9e\u00a0\u00bb][vc_column_text]<\/p>\n<div class=\"content-wrapper clearfix\">\n<div class=\"main-content full-width page-content\">\n<p>Le\u00a0<strong>parc de la chute-Montmorency<\/strong>\u00a0atteignant une chute haute de 83m\u00e8tres (30m\u00e8tres de plus que celles du\u00a0<strong>Niagara<\/strong>) est un ph\u00e9nom\u00e8ne naturel \u00e9poustouflant et incontournable. Ce parc vous offre de nombreuses activit\u00e9s\u00a0: vous pourrez parcourir les\u00a0<strong>sentiers p\u00e9destres<\/strong>\u00a0menant aux belv\u00e9d\u00e8res pour une balade mirobolante. Si les centaines de marches de\u00a0<strong>l\u2019escalier panoramique<\/strong>\u00a0vous effraie, le parc vous offre la possibilit\u00e9 d\u2019emprunter le\u00a0<strong>t\u00e9l\u00e9ph\u00e9rique<\/strong>\u00a0afin de d\u00e9couvrir la chute sous toutes ses formes. Nouveau\u00a0: pour d\u00e9couvrir de nouvelles sensations, une\u00a0<strong>tyrolienne double<\/strong>\u00a0d\u2019une longueur de 300 m\u00e8tres \u00e0 descendre, pour \u00eatre au c\u0153ur de la chute Montmorency. En Hiver, vous pourrez observer cet \u00e9norme \u00ab\u00a0pain de sucre\u00a0\u00bb form\u00e9 par les embruns au pied de la chute. Si vous \u00eates amateur d\u2019<strong>escalade<\/strong>, les parois gel\u00e9es vous attendent pour une exp\u00e9rience exceptionnelle\u00a0! Sur place vous trouverez des services de restauration, une boutique et un centre d\u2019interpr\u00e9tation.<\/p>\n<\/div>\n<\/div>\n<div id=\"footer\">\n<div class=\"content-wrapper clearfix\">\n<div class=\"one-fourth widget clearfix\"><\/div>\n<\/div>\n<\/div>\n<p>[\/vc_column_text][vc_single_image image=\u00a0\u00bb539&Prime; img_size=\u00a0\u00bbmedium\u00a0\u00bb][\/vc_tta_section][vc_tta_section title=\u00a0\u00bb\u00cele d&rsquo;Orl\u00e9ans &#8211; \u00e0 1h du G\u00eete\u00a0\u00bb tab_id=\u00a0\u00bb1572456884764-b2c88ce0-6130&Prime;][vc_column_text]L\u2019\u00eele d\u2019Orl\u00e9ans, v\u00e9ritable \u00ab\u00a0<strong>berceau de l\u2019Am\u00e9rique fran\u00e7aise\u00a0<\/strong>\u00bb, est dot\u00e9e d\u2019un\u00a0<strong>patrimoine historique et culturel<\/strong>\u00a0remarquable. En bordure du\u00a0<strong>fleuve Saint-Laurent<\/strong>\u00a0et \u00e0 proximit\u00e9 de\u00a0<strong>Qu\u00e9bec<\/strong>, cette \u00eele vous r\u00e9serve bien des surprises\u00a0:\u00a0<strong>agrotourisme<\/strong>,\u00a0<strong>producteurs et artisans locaux<\/strong>\u00a0ainsi que\u00a0<strong>paysages<\/strong>\u00a0diverses et vari\u00e9s, elle est munie d\u2019une diversit\u00e9 et d\u2019une qualit\u00e9 d\u2019offre touristique impressionnante \u00e0 d\u00e9couvrir\u00a0sans attendre\u00a0!<\/p>\n<p>D\u2019un charme unique, il n\u2019y a rien de plus agr\u00e9able que de fl\u00e2ner sur cette \u00eele enchanteresse avec ses\u00a0<strong>\u00e9glises, fermes et maisons centenaires<\/strong>. Vous pourrez venir d\u00e9guster les\u00a0<strong>sp\u00e9cialit\u00e9s<\/strong>\u00a0du coin\u00a0notamment la fameuse fraise et pomme de l\u2019\u00eele, selon la saison. L\u2019\u00eele d\u2019Orl\u00e9ans vaut le d\u00e9tour\u00a0![\/vc_column_text][vc_single_image image=\u00a0\u00bb541&Prime; img_size=\u00a0\u00bbmedium\u00a0\u00bb][\/vc_tta_section][vc_tta_section title=\u00a0\u00bbParcs du Qu\u00e9bec &#8211; \u00e0 45mn du G\u00eete\u00a0\u00bb tab_id=\u00a0\u00bb1572458430903-6615b026-9376&Prime;][vc_column_text]Au\u00a0<strong>Quebec<\/strong>, de nombreux parcs s\u2019offrent \u00e0 vous. Vous pourrez parcourir la promenade Samuel de Champlain, v\u00e9ritable \u00ab\u00a0oasis urbaine\u00a0\u00bb, longeant le\u00a0<strong>fleuve Saint-Laurent<\/strong>\u00a0sur pr\u00e8s de 2,5 kilom\u00e8tres, vous proposant des exp\u00e9riences diversifi\u00e9es dans un environnement parsem\u00e9 de v\u00e9g\u00e9taux typiques des berges fluviales et ponctu\u00e9 d\u2019\u0153uvres d\u2019art contemporain. Elle est situ\u00e9e dans l\u2019arrondissement\u00a0<strong>Sainte-Foy-Sillery-Cap-Rouge<\/strong>, entre le\u00a0<strong>quai des Cageux et la c\u00f4te de Sillery<\/strong>. Poursuivez votre chemin vers le sentier des gr\u00e8ves, Il s\u2019agit d\u2019un\u00a0<strong>lien pi\u00e9tonnier d\u2019une longueur de 3,1 kilom\u00e8tres qui longera le fleuve o\u00f9 surplombera la falaise, reliant le\u00a0<\/strong><strong>quai des Cageux de la promenade de Champlain au parc de la Plage-Jacques-Cartier<\/strong><strong>.<\/strong><\/p>\n<p><strong><em>Le stationnement est ouvert tous les jours de juin \u00e0 octobre. Le service est gratuit.<\/em><\/strong><\/p>\n<p>Le\u00a0<strong>parc du Bois-de-Coulonge<\/strong>\u00a0est un parc public de Qu\u00e9bec dans l\u2019arrondissement de\u00a0<strong>Sainte-Foy\u2013Sillery\u2013Cap-Rouge<\/strong>\u00a0sur la Grande All\u00e9e Ouest. Situ\u00e9 sur la colline de Qu\u00e9bec, il domine le\u00a0<strong>fleuve Saint-Laurent<\/strong>. V\u00e9ritable joyau du<strong>\u00a0Qu\u00e9bec<\/strong>, le parc du Bois-de-Coulonge est un endroit id\u00e9al pour l\u2019observation de la faune &amp; flore. Egalement site\u00a0<strong>ornithologique<\/strong>, vous pourrez d\u00e9couvrir l\u2019arboretum, les jardins, la vue sur le fleuve, les sentiers p\u00e9destres, la cabane \u00e0 sucre ainsi qu\u2019une aire de jeux pour enfants.\u00a0<strong><em>Ouvert tous les jours de 6h \u00e0 23h.<\/em><\/strong><\/p>\n<p>Prolongez votre itin\u00e9raire au\u00a0<strong>Domaine de Maizerets, <\/strong>parc de 27 hectares situ\u00e9 au c\u0153ur de Limoilou, dot\u00e9 de richesses naturelles et d\u2019un patrimoine historique extraordinaire. Les activit\u00e9s propos\u00e9es au parc sont\u00a0<strong>r\u00e9cr\u00e9otouristiques, sportives, \u00e9v\u00e9nementielles et \u00e9ducatives<\/strong>\u00a0en respectant son environnement.\u00a0<strong><em>L\u2019acc\u00e8s au parc est gratuit<\/em><\/strong>[\/vc_column_text][vc_single_image image=\u00a0\u00bb769&Prime; img_size=\u00a0\u00bbmedium\u00a0\u00bb][\/vc_tta_section][vc_tta_section title=\u00a0\u00bbStation de Ski Le Massif &#8211; \u00e0 1h30 du G\u00eete\u00a0\u00bb tab_id=\u00a0\u00bb1572458433278-fbdf8a21-bd46&Prime;][vc_column_text]Le massif de Charlevoix est un\u00a0<strong>centre de ski<\/strong>\u00a0surplombant le\u00a0<strong>fleuve St-Laurent \u00e0 Petite-Rivi\u00e8re-St-Fran\u00e7ois<\/strong>, dans la\u00a0<strong>r\u00e9gion de Charlevoix<\/strong>. Facile d\u2019acc\u00e8s, ce massif vous offre de spectaculaires panoramas montagneux, avec des pentes d\u2019un d\u00e9nivel\u00e9 de 770 m\u00e8tres \u00e0 vous couper le souffle, \u00e0 d\u00e9valer sans attendre, en\u00a0<strong>ski, ou en luge\u00a0<\/strong>![\/vc_column_text][vc_single_image image=\u00a0\u00bb917&Prime; img_size=\u00a0\u00bbmedium\u00a0\u00bb][\/vc_tta_section][vc_tta_section title=\u00a0\u00bbSki Mont-Sainte-Anne &#8211; \u00e0 1h du G\u00eete\u00a0\u00bb tab_id=\u00a0\u00bb1572458434902-0ac71873-59ca\u00a0\u00bb][vc_column_text]<\/p>\n<p id=\"tw-target-text\" class=\"tw-data-text tw-text-large tw-ta\" dir=\"ltr\" data-placeholder=\"Traduction\">Une superbe station ski \u00e0 seulement 30 minutes de Qu\u00e9bec. D\u00e9couvrez un incroyable domaine skiable sur 3 versants, offrant 71 pistes dont 19 \u00e9clair\u00e9es en soir\u00e9e, 2 parcs \u00e0 neige et 1 \u00ab boardercross. Pratiquez \u00e9galement le ski de fond, la raquette, le fatbike ou encore la randonn\u00e9e alpine. De quoi vous garder actif !<\/p>\n<p>[\/vc_column_text][vc_single_image image=\u00a0\u00bb929&Prime; img_size=\u00a0\u00bbmedium\u00a0\u00bb][\/vc_tta_section][vc_tta_section title=\u00a0\u00bbSite Traditionnel Huron-Wendake Onho\u00fca Chetek8e &#8211; \u00e0 45mn du G\u00eete\u00a0\u00bb tab_id=\u00a0\u00bb1572459537727-9bd0a7ec-8f7f\u00a0\u00bb][vc_column_text]<\/p>\n<p id=\"tw-target-text\" class=\"tw-data-text tw-text-large tw-ta\" dir=\"ltr\" data-placeholder=\"Traduction\"><span lang=\"fr\" tabindex=\"0\">Le Site Traditionnel Huron Onho\u00fca Chetek8e est un changement de d\u00e9cor ! D\u00e9couvrez le monde fascinant de ce <strong>site ancestral<\/strong>, qui a amen\u00e9 la premi\u00e8re nation huronne-wendat au 17e si\u00e8cle, o\u00f9 vous pourrez vivre une exp\u00e9rience unique et authentique en contemplant des <strong>spectacles de danse, des contes et des l\u00e9gendes du peuple<\/strong>. Le mus\u00e9e Huron-Wendat et ses <strong>boutiques d&rsquo;artisanat<\/strong> vous permettent de d\u00e9couvrir l&rsquo;histoire, la culture et les savoir-faire traditionnels du peuple de Wendake. Ouvert toute l&rsquo;ann\u00e9e.<\/span><\/p>\n<p>[\/vc_column_text][vc_single_image image=\u00a0\u00bb768&Prime; img_size=\u00a0\u00bbmedium\u00a0\u00bb][\/vc_tta_section][\/vc_tta_accordion][\/vc_column][\/vc_row]<\/p>\n","protected":false},"excerpt":{"rendered":"<p>[vc_row][vc_column][vc_column_text] La ville de Qu\u00e9bec et ses environs regorgent d&rsquo;activit\u00e9s. Il y en a pour tous les go\u00fbts ! Nous avons s\u00e9lectionn\u00e9 quelques points d\u2019int\u00e9r\u00eat dans les 25 \u00e0 90 minutes en voiture du g\u00eete. Bonne visite ! [\/vc_column_text][\/vc_column][\/vc_row][vc_row][vc_column][vc_tta_accordion shape=\u00a0\u00bbround\u00a0\u00bb active_section=\u00a0\u00bb\u00a0\u00bb collapsible_all=\u00a0\u00bbtrue\u00a0\u00bb][vc_tta_section title=\u00a0\u00bbMassage\u00a0\u00bb tab_id=\u00a0\u00bb1572455708041-23c3fb68-f97e\u00a0\u00bb][vc_column_text]R\u00e9servez votre massage relaxant au G\u00eete Aventure Qu\u00e9bec ici[\/vc_column_text][vc_single_image image=\u00a0\u00bb762&Prime; img_size=\u00a0\u00bbmedium\u00a0\u00bb][\/vc_tta_section][vc_tta_section title=\u00a0\u00bbSpa\u00a0\u00bb<\/p>\n<a href=\"https:\/\/gite-aventures-quebec.com\/?page_id=607\" class=\"sohohotel-more-link\">Read More<i class=\"fa fa-angle-right\"><\/i><\/a>","protected":false},"author":2,"featured_media":0,"parent":0,"menu_order":0,"comment_status":"closed","ping_status":"closed","template":"","meta":{"footnotes":""},"class_list":["post-607","page","type-page","status-publish","hentry"],"_links":{"self":[{"href":"https:\/\/gite-aventures-quebec.com\/index.php?rest_route=\/wp\/v2\/pages\/607","targetHints":{"allow":["GET"]}}],"collection":[{"href":"https:\/\/gite-aventures-quebec.com\/index.php?rest_route=\/wp\/v2\/pages"}],"about":[{"href":"https:\/\/gite-aventures-quebec.com\/index.php?rest_route=\/wp\/v2\/types\/page"}],"author":[{"embeddable":true,"href":"https:\/\/gite-aventures-quebec.com\/index.php?rest_route=\/wp\/v2\/users\/2"}],"replies":[{"embeddable":true,"href":"https:\/\/gite-aventures-quebec.com\/index.php?rest_route=%2Fwp%2Fv2%2Fcomments&post=607"}],"version-history":[{"count":0,"href":"https:\/\/gite-aventures-quebec.com\/index.php?rest_route=\/wp\/v2\/pages\/607\/revisions"}],"wp:attachment":[{"href":"https:\/\/gite-aventures-quebec.com\/index.php?rest_route=%2Fwp%2Fv2%2Fmedia&parent=607"}],"curies":[{"name":"wp","href":"https:\/\/api.w.org\/{rel}","templated":true}]}}