{"id":57,"date":"2019-10-08T20:26:24","date_gmt":"2019-10-08T20:26:24","guid":{"rendered":"https:\/\/gite-aventures-quebec.com\/?page_id=57"},"modified":"2019-11-19T23:59:19","modified_gmt":"2019-11-19T23:59:19","slug":"about-us-1","status":"publish","type":"page","link":"https:\/\/gite-aventures-quebec.com\/?page_id=57&lang=en","title":{"rendered":"About Us"},"content":{"rendered":"<p>[vc_row][vc_column width=\u00a0\u00bb1\/2&Prime;]<div class=\"sohohotel-title3 sohohotel-title-color\"><h4>Our B&amp;B Aventures Qu\u00e9bec<\/h4><\/div>[vc_column_text]<\/p>\n<p style=\"text-align: left;\">Our G\u00eete Aventures Qu\u00e9bec is located only 30 minutes from Quebec City, in the heart of the forest and is overlooking the Montmorency River.<\/p>\n<p style=\"text-align: left;\">\u202fThis luxurious 5-bedroom log lodge represents excactly our philosophy: a warm local welcome, an excellent customer service, and an exceptional experience. In a true haven of peace, it is a perfect place if you are looking for intimacy and tranquility.<\/p>\n<p>The outdoor jacuzzi bath with its panoramic view is a real invitation to relax. Each room is unique and has its own private bathroom and an access to the garden with a private terrace or a balcony with a panoramic view.<\/p>\n<p>The site is close to a lot of activities in the area: the famous Montmorency Falls, the Huron-Wendake site, and Jacques-Cartier National Park.<\/p>\n<p>With its refined decoration, top-of-the-range materials, and being detail-oriented, our lodge will certainly be your next favorite.[\/vc_column_text][\/vc_column][vc_column width=\u00a0\u00bb1\/2&Prime;]<div class=\"sohohotel-title3 sohohotel-title-color\"><h4>Video Tour<\/h4><\/div>[vc_video link=\u00a0\u00bbhttps:\/\/youtu.be\/9zLcTMEAz58&Prime;][\/vc_column][\/vc_row][vc_row][vc_column width=\u00a0\u00bb1\/2&Prime;]<div class=\"sohohotel-title3 sohohotel-title-color\"><h4>Preview<\/h4><\/div>[vc_media_grid grid_id=\u00a0\u00bbvc_gid:1573673561649-bcf540a87b4d9710fd101e1061a1400b-7&Prime; include=\u00a0\u00bb391,390,392,384,383,352&Prime;][\/vc_column][vc_column width=\u00a0\u00bb1\/2&Prime;][vc_tta_tabs][vc_tta_section title=\u00a0\u00bbOur Rooms\u00a0\u00bb tab_id=\u00a0\u00bb1537771879600-6d972c55-0c88&Prime;][vc_column_text css=\u00a0\u00bb.vc_custom_1572027500559{margin-bottom: 0px !important;border-bottom-width: 0px !important;}\u00a0\u00bb]<\/p>\n<p style=\"text-align: center;\">Each room is unique and has its own private bathroom and an access to the garden with a private terrace or a balcony with a panoramic view.<br \/>\nThe choice is yours![\/vc_column_text][\/vc_tta_section][\/vc_tta_tabs]<section class=\"sohohotel-clearfix sohohotel-call-to-action-2-section\" style=\"background:url() no-repeat center top;\">\n\n\t\t<div class=\"sohohotel-call-to-action-2-section-inner\">\n\n\t\t\t<h3><\/h3>\n\t\t\t<p><\/p>\n\t\t\t<a href=\"https:\/\/secure.reservit.com\/fo\/booking\/58\/202678\/dates?specialMode=default&amp;langcode=EN&amp;partid=0&amp;roomtcode=145135&amp;custid=58&amp;_ga=GA1.2.1688700176.1568816058&amp;hotelid=202678&amp;m=booking\" class=\"sohohotel-button0\">Booking Online<i class=\"fa fa-angle-right\"><\/i><\/a>\n\n\t\t<\/div>\n\t\t\n\t<\/section>[\/vc_column][\/vc_row][vc_row][vc_column]<div class=\"sohohotel-title2 sohohotel-title-color\"><h3>Testimonials<\/h3><\/div>\t\n\t<!-- BEGIN .sohohotel-testimonial-wrapper -->\n\t<div class=\"sohohotel-testimonial-wrapper-1 sohohotel-testimonials-border-1\">\n\t\n\t\t\t\t\n\t\t\t<!-- BEGIN .sohohotel-testimonial-list- -->\n\t\t\t<div class=\"sohohotel-testimonial-list sohohotel-owl-carousel-1\">\n\t\n\t\t\t\t\t\t\t\n\t\t\t\t\t\t\t\t\n\t\t\t\t<!-- BEGIN .sohohotel-testimonial-block -->\n\t\t\t\t<div class=\"sohohotel-testimonial-block\">\n\t\t\t\t\t\n\t\t\t\t\t<div>\n\t\t\t\t\t\t<span class=\"sohohotel-open-quote\">\u201c<\/span>\n\t\t\t\t\t\t\t\t\t\t\t\t<p>Tr\u00e8s bel endroit, super hospitalit\u00e9, tout est magnifique, un cocon en pleine nature. Cerise sur le g\u00e2teau, un jacuzzi. Hautement recommand\u00e9. \ud83d\udc4d\ud83d\udc4d\ud83d\udc4d\ud83d\udc4d\ud83d\udc4d<\/p>\n<a href=\"https:\/\/gite-aventures-quebec.com\/?testimonial=temoignage-5\" class=\"sohohotel-more-link\">Read More<i class=\"fa fa-angle-right\"><\/i><\/a>\t\t\t\t\t\t<span class=\"sohohotel-close-quote\">\u201d<\/span>\n\t\t\t\t\t<\/div>\n\n\t\t\t\t\t\n\t\t\t\t\t\t<div class=\"sohohotel-testimonial-image\">\n\t\t\t\t\t\t\t\t\t\t\t\t\t\t<img decoding=\"async\" src=\"https:\/\/gite-aventures-quebec.com\/wp-content\/uploads\/2019\/11\/photo-2.png\" alt=\"\" \/>\t\t\t\t\t\t<\/div>\n\n\t\t\t\t\t\n\t\t\t\t\t<div class=\"sohohotel-testimonial-author\"><p>Jacques Berger - Septembre 2019<\/p><\/div>\n\n\t\t\t\t<!-- END .sohohotel-testimonial-block -->\n\t\t\t\t<\/div>\n\t\t\t\n\t\t\t\t\t\t\t\n\t\t\t\t\t\t\t\t\n\t\t\t\t<!-- BEGIN .sohohotel-testimonial-block -->\n\t\t\t\t<div class=\"sohohotel-testimonial-block\">\n\t\t\t\t\t\n\t\t\t\t\t<div>\n\t\t\t\t\t\t<span class=\"sohohotel-open-quote\">\u201c<\/span>\n\t\t\t\t\t\t\t\t\t\t\t\t<p>Tr\u00e8s bon accueil &#8230; Bel endroit o\u00f9 il est en harmonie avec la nature &#8230;. Tr\u00e8s bon pour se d\u00e9tendre &#8230; Spa disponible &#8230; Petit d\u00e9jeuner tr\u00e8s riche &#8230; \u00c9couter et fournir de bonnes informations<\/p>\n<a href=\"https:\/\/gite-aventures-quebec.com\/?testimonial=temoignage-4\" class=\"sohohotel-more-link\">Read More<i class=\"fa fa-angle-right\"><\/i><\/a>\t\t\t\t\t\t<span class=\"sohohotel-close-quote\">\u201d<\/span>\n\t\t\t\t\t<\/div>\n\n\t\t\t\t\t\n\t\t\t\t\t\t<div class=\"sohohotel-testimonial-image\">\n\t\t\t\t\t\t\t\t\t\t\t\t\t\t<img decoding=\"async\" src=\"https:\/\/gite-aventures-quebec.com\/wp-content\/uploads\/2019\/11\/photo-2.png\" alt=\"\" \/>\t\t\t\t\t\t<\/div>\n\n\t\t\t\t\t\n\t\t\t\t\t<div class=\"sohohotel-testimonial-author\"><p>Katy Kersuzan - Septembre 2019<\/p><\/div>\n\n\t\t\t\t<!-- END .sohohotel-testimonial-block -->\n\t\t\t\t<\/div>\n\t\t\t\n\t\t\t\t\t\t\t\n\t\t\t\t\t\t\t\t\n\t\t\t\t<!-- BEGIN .sohohotel-testimonial-block -->\n\t\t\t\t<div class=\"sohohotel-testimonial-block\">\n\t\t\t\t\t\n\t\t\t\t\t<div>\n\t\t\t\t\t\t<span class=\"sohohotel-open-quote\">\u201c<\/span>\n\t\t\t\t\t\t\t\t\t\t\t\t<p>Nous avons termin\u00e9 notre s\u00e9jour au Qu\u00e9bec dans ce lieu g\u00e9nial. Tout est mis en oeuvre pour que vous vous sentiez bien depuis l&rsquo;accueil jusqu&rsquo;au d\u00e9part. Petits d\u00e9jeuners copieux et copieux. Nous recommandons ce chalet.<\/p>\n<a href=\"https:\/\/gite-aventures-quebec.com\/?testimonial=temoignage-3\" class=\"sohohotel-more-link\">Read More<i class=\"fa fa-angle-right\"><\/i><\/a>\t\t\t\t\t\t<span class=\"sohohotel-close-quote\">\u201d<\/span>\n\t\t\t\t\t<\/div>\n\n\t\t\t\t\t\n\t\t\t\t\t\t<div class=\"sohohotel-testimonial-image\">\n\t\t\t\t\t\t\t\t\t\t\t\t\t\t<img decoding=\"async\" src=\"https:\/\/gite-aventures-quebec.com\/wp-content\/uploads\/2019\/11\/photo-2.png\" alt=\"\" \/>\t\t\t\t\t\t<\/div>\n\n\t\t\t\t\t\n\t\t\t\t\t<div class=\"sohohotel-testimonial-author\"><p>Philippe Dauvet - Octobre 2019<\/p><\/div>\n\n\t\t\t\t<!-- END .sohohotel-testimonial-block -->\n\t\t\t\t<\/div>\n\t\t\t\n\t\t\t\t\t\t\t\n\t\t\t\t\t\t\t\t\n\t\t\t\t<!-- BEGIN .sohohotel-testimonial-block -->\n\t\t\t\t<div class=\"sohohotel-testimonial-block\">\n\t\t\t\t\t\n\t\t\t\t\t<div>\n\t\t\t\t\t\t<span class=\"sohohotel-open-quote\">\u201c<\/span>\n\t\t\t\t\t\t\t\t\t\t\t\t<p>Magique !<\/p>\n<a href=\"https:\/\/gite-aventures-quebec.com\/?testimonial=temoignage-2\" class=\"sohohotel-more-link\">Read More<i class=\"fa fa-angle-right\"><\/i><\/a>\t\t\t\t\t\t<span class=\"sohohotel-close-quote\">\u201d<\/span>\n\t\t\t\t\t<\/div>\n\n\t\t\t\t\t\n\t\t\t\t\t\t<div class=\"sohohotel-testimonial-image\">\n\t\t\t\t\t\t\t\t\t\t\t\t\t\t<img decoding=\"async\" src=\"https:\/\/gite-aventures-quebec.com\/wp-content\/uploads\/2019\/10\/photo-1.png\" alt=\"\" \/>\t\t\t\t\t\t<\/div>\n\n\t\t\t\t\t\n\t\t\t\t\t<div class=\"sohohotel-testimonial-author\"><p>Stef Bambinou - Octobre 2019<\/p><\/div>\n\n\t\t\t\t<!-- END .sohohotel-testimonial-block -->\n\t\t\t\t<\/div>\n\t\t\t\n\t\t\t\t\t\t\t\n\t\t\t\t\t\t\t\t\n\t\t\t\t<!-- BEGIN .sohohotel-testimonial-block -->\n\t\t\t\t<div class=\"sohohotel-testimonial-block\">\n\t\t\t\t\t\n\t\t\t\t\t<div>\n\t\t\t\t\t\t<span class=\"sohohotel-open-quote\">\u201c<\/span>\n\t\t\t\t\t\t\t\t\t\t\t\t<p>Gros coup de coeur pour le gite aventure quebec ! Endroit magnifique, chambre propre spacieuse et tr\u00e8s bien d\u00e9cor\u00e9e. Et aussi, une vue \u00e0 couper le souffle sur la rivi\u00e8re en bas du logement ! Accueil serviable, extr\u00eame gentillesse des h\u00f4tes et bons conseils. Je recommande vivement ce lieu !<\/p>\n<a href=\"https:\/\/gite-aventures-quebec.com\/?testimonial=temoignage-1\" class=\"sohohotel-more-link\">Read More<i class=\"fa fa-angle-right\"><\/i><\/a>\t\t\t\t\t\t<span class=\"sohohotel-close-quote\">\u201d<\/span>\n\t\t\t\t\t<\/div>\n\n\t\t\t\t\t\n\t\t\t\t\t\t<div class=\"sohohotel-testimonial-image\">\n\t\t\t\t\t\t\t\t\t\t\t\t\t\t<img decoding=\"async\" src=\"https:\/\/gite-aventures-quebec.com\/wp-content\/uploads\/2019\/10\/photo.png\" alt=\"\" \/>\t\t\t\t\t\t<\/div>\n\n\t\t\t\t\t\n\t\t\t\t\t<div class=\"sohohotel-testimonial-author\"><p>Emilie Ramirez - Octobre 2019<\/p><\/div>\n\n\t\t\t\t<!-- END .sohohotel-testimonial-block -->\n\t\t\t\t<\/div>\n\t\t\t\n\t\t\t\t\t\n\t\t\t<!-- END .sohohotel-testimonial-list -->\n\t\t\t<\/div>\n\t\t\n\t\t\t\t\n\t<!-- END .sohohotel-testimonial-wrapper -->\n\t<\/div>\n\t\t\n\t[\/vc_column][\/vc_row]<\/p>\n","protected":false},"excerpt":{"rendered":"<p>[vc_row][vc_column width=\u00a0\u00bb1\/2&Prime;][vc_column_text] Our G\u00eete Aventures Qu\u00e9bec is located only 30 minutes from Quebec City, in the heart of the forest and is overlooking the Montmorency River. \u202fThis luxurious 5-bedroom log lodge represents excactly our philosophy: a warm local welcome, an excellent customer service, and an exceptional experience. In a true haven of peace, it is<\/p>\n<a href=\"https:\/\/gite-aventures-quebec.com\/?testimonial=temoignage-1\" class=\"sohohotel-more-link\">Read More<i class=\"fa fa-angle-right\"><\/i><\/a>","protected":false},"author":2,"featured_media":0,"parent":0,"menu_order":0,"comment_status":"closed","ping_status":"closed","template":"","meta":{"footnotes":""},"class_list":["post-57","page","type-page","status-publish","hentry"],"_links":{"self":[{"href":"https:\/\/gite-aventures-quebec.com\/index.php?rest_route=\/wp\/v2\/pages\/57","targetHints":{"allow":["GET"]}}],"collection":[{"href":"https:\/\/gite-aventures-quebec.com\/index.php?rest_route=\/wp\/v2\/pages"}],"about":[{"href":"https:\/\/gite-aventures-quebec.com\/index.php?rest_route=\/wp\/v2\/types\/page"}],"author":[{"embeddable":true,"href":"https:\/\/gite-aventures-quebec.com\/index.php?rest_route=\/wp\/v2\/users\/2"}],"replies":[{"embeddable":true,"href":"https:\/\/gite-aventures-quebec.com\/index.php?rest_route=%2Fwp%2Fv2%2Fcomments&post=57"}],"version-history":[{"count":0,"href":"https:\/\/gite-aventures-quebec.com\/index.php?rest_route=\/wp\/v2\/pages\/57\/revisions"}],"wp:attachment":[{"href":"https:\/\/gite-aventures-quebec.com\/index.php?rest_route=%2Fwp%2Fv2%2Fmedia&parent=57"}],"curies":[{"name":"wp","href":"https:\/\/api.w.org\/{rel}","templated":true}]}}